{"id":745,"date":"2023-06-27T08:37:22","date_gmt":"2023-06-27T06:37:22","guid":{"rendered":"https:\/\/torneriaortiz.com\/aviso-legal\/"},"modified":"2025-11-25T08:42:37","modified_gmt":"2025-11-25T07:42:37","slug":"aviso-legal","status":"publish","type":"page","link":"https:\/\/torneriaortiz.com\/es\/aviso-legal\/","title":{"rendered":"Aviso Legal"},"content":{"rendered":"\t\t<div data-elementor-type=\"wp-page\" data-elementor-id=\"745\" class=\"elementor elementor-745 elementor-417\" data-elementor-post-type=\"page\">\n\t\t\t\t\t\t<section class=\"elementor-section elementor-top-section elementor-element elementor-element-37173cbe elementor-section-boxed elementor-section-height-default elementor-section-height-default\" data-id=\"37173cbe\" data-element_type=\"section\">\n\t\t\t\t\t\t<div class=\"elementor-container elementor-column-gap-default\">\n\t\t\t\t\t<div class=\"elementor-column elementor-col-100 elementor-top-column elementor-element elementor-element-3ca6a8a1\" data-id=\"3ca6a8a1\" data-element_type=\"column\">\n\t\t\t<div class=\"elementor-widget-wrap elementor-element-populated\">\n\t\t\t\t\t\t<div class=\"elementor-element elementor-element-2bd37dae elementor-widget elementor-widget-spacer\" data-id=\"2bd37dae\" data-element_type=\"widget\" data-widget_type=\"spacer.default\">\n\t\t\t\t<div class=\"elementor-widget-container\">\n\t\t\t\t\t\t\t<div class=\"elementor-spacer\">\n\t\t\t<div class=\"elementor-spacer-inner\"><\/div>\n\t\t<\/div>\n\t\t\t\t\t\t<\/div>\n\t\t\t\t<\/div>\n\t\t\t\t<div class=\"elementor-element elementor-element-4713ad6b elementor-widget elementor-widget-heading\" data-id=\"4713ad6b\" data-element_type=\"widget\" data-widget_type=\"heading.default\">\n\t\t\t\t<div class=\"elementor-widget-container\">\n\t\t\t\t\t<h2 class=\"elementor-heading-title elementor-size-default\">Aviso Legal<\/h2>\t\t\t\t<\/div>\n\t\t\t\t<\/div>\n\t\t\t\t<div class=\"elementor-element elementor-element-2f2cdc00 elementor-widget elementor-widget-text-editor\" data-id=\"2f2cdc00\" data-element_type=\"widget\" data-widget_type=\"text-editor.default\">\n\t\t\t\t<div class=\"elementor-widget-container\">\n\t\t\t\t\t\t\t\t\t<p class=\"p1\"><b>Informaci\u00f3n de Conformidad con el art\u00edculo 10 de la LSSI<\/b><\/p><p class=\"p3\"><b>La titular de esta web es:<\/b><\/p><p class=\"p4\">Identidad: TORNERIA ORTIZ SL<\/p><p class=\"p4\">NIF: B17981556<\/p><p class=\"p5\">Direcci\u00f3n: C\/ Isaac Alb\u00e9niz, 28<span class=\"Apple-converted-space\">  <\/span>17800<span class=\"Apple-converted-space\">  <\/span>Olot<\/p><p class=\"p5\">Tel.: 972265975<\/p><p class=\"p5\">Email: info@torneriaortiz.com<\/p><p class=\"p5\"><span class=\"s1\">Inscrita en el Registro Mercantil<\/span> de GIRONA T 2650, F 37, S 8, Hoja GI 45966, I\/A 1<\/p><p class=\"p3\"><b>Condiciones de uso<\/b><\/p><p class=\"p3\">  El uso de este sitio web implica la aceptaci\u00f3n plena de los t\u00e9rminos y condiciones del presente aviso legal.<\/p><p class=\"p3\"><b>Propiedad intelectual e industrial<\/b><b><\/b><\/p><p class=\"p3\">La totalidad del contenido de este sitio web, ya sean textos, im\u00e1genes, sonidos, marcas, logotipos u otros elementos, as\u00ed como subestructura, dise\u00f1o, combinaciones de colores o forma de presentaci\u00f3n de los materiales, est\u00e1n protegidos por derechos de propiedad industrial e intelectual que el usuario de este sitio web debe respetar. No es l\u00edcita su transformaci\u00f3n o alteraci\u00f3n, comunicaci\u00f3n p\u00fablica o cualquier otra forma de explotaci\u00f3n por cualquier procedimiento sin autorizaci\u00f3n expresa de TORNERIA ORTIZ SL. <\/p><p class=\"p3\"><b>Responsabilidad sobre los contenidos<\/b><\/p><p class=\"p3\">Aunque TORNERIA ORTIZ SL act\u00faa con la m\u00e1xima diligencia posible, puede darse el caso de que alg\u00fan dato o informaci\u00f3n no est\u00e9 del todo actualizado en el momento que el usuario del sitio web lo consulte. Por eso, las informaciones que se presentan en esta web tienen una funci\u00f3n orientativa y no obligan a TORNERIA ORTIZ SL. <\/p><p class=\"p3\">TORNERIA ORTIZ SL no ser\u00e1 responsable de la informaci\u00f3n que pueda obtenerse a trav\u00e9s de enlaces incluidos en su web.<\/p><p class=\"p3\">TORNERIA ORTIZ SL se reserva la facultad de realizar, en cualquier momento y sin necesidad de preaviso, modificaciones o actualizaciones de la informaci\u00f3n y de cualquiera de los elementos que integren el dise\u00f1o y configuraci\u00f3n de la p\u00e1gina web.<\/p><p class=\"p3\"><b>Ley aplicable y jurisdicci\u00f3n:<\/b><\/p><p class=\"p3\">El uso de este sitio web implica la plena aceptaci\u00f3n de los t\u00e9rminos y condiciones en el presente aviso legal. Los posibles conflictos relativos a este sitio web se regir\u00e1n o interpretar\u00e1n de acuerdo con la legislaci\u00f3n espa\u00f1ola y se someter\u00e1n a los Juzgados y Tribunales del domicilio del usuario, cuando \u00e9ste tenga la condici\u00f3n de consumidor o usuario de conformidad con el art. 3 del Real decreto legislativo 1\/2007, de 16 de noviembre, por el que se aprueba el texto refundido de la Ley general para la defensa de los consumidores y usuarios y otras leyes complementarias; en caso contrario, ser\u00e1n competentes los Juzgados y Tribunales del domicilio de TORNERIA ORTIZ SL.  <\/p>\t\t\t\t\t\t\t\t<\/div>\n\t\t\t\t<\/div>\n\t\t\t\t<div class=\"elementor-element elementor-element-118e0f13 elementor-widget elementor-widget-spacer\" data-id=\"118e0f13\" data-element_type=\"widget\" data-widget_type=\"spacer.default\">\n\t\t\t\t<div class=\"elementor-widget-container\">\n\t\t\t\t\t\t\t<div class=\"elementor-spacer\">\n\t\t\t<div class=\"elementor-spacer-inner\"><\/div>\n\t\t<\/div>\n\t\t\t\t\t\t<\/div>\n\t\t\t\t<\/div>\n\t\t\t\t\t<\/div>\n\t\t<\/div>\n\t\t\t\t\t<\/div>\n\t\t<\/section>\n\t\t\t\t<section class=\"elementor-section elementor-top-section elementor-element elementor-element-7a26bfdc elementor-section-boxed elementor-section-height-default elementor-section-height-default\" data-id=\"7a26bfdc\" data-element_type=\"section\">\n\t\t\t\t\t\t<div class=\"elementor-container elementor-column-gap-default\">\n\t\t\t\t\t<div class=\"elementor-column elementor-col-33 elementor-top-column elementor-element elementor-element-41d7df17\" data-id=\"41d7df17\" data-element_type=\"column\">\n\t\t\t<div class=\"elementor-widget-wrap elementor-element-populated\">\n\t\t\t\t\t\t<div class=\"elementor-element elementor-element-3f8341d8 elementor-align-justify elementor-widget elementor-widget-button\" data-id=\"3f8341d8\" data-element_type=\"widget\" data-widget_type=\"button.default\">\n\t\t\t\t<div class=\"elementor-widget-container\">\n\t\t\t\t\t\t\t\t\t<div class=\"elementor-button-wrapper\">\n\t\t\t\t\t<a class=\"elementor-button elementor-button-link elementor-size-sm\" href=\"https:\/\/torneriaortiz.com\/es\/\">\n\t\t\t\t\t\t<span class=\"elementor-button-content-wrapper\">\n\t\t\t\t\t\t\t\t\t<span class=\"elementor-button-text\">VOLVER A INICIO<\/span>\n\t\t\t\t\t<\/span>\n\t\t\t\t\t<\/a>\n\t\t\t\t<\/div>\n\t\t\t\t\t\t\t\t<\/div>\n\t\t\t\t<\/div>\n\t\t\t\t\t<\/div>\n\t\t<\/div>\n\t\t\t\t<div class=\"elementor-column elementor-col-33 elementor-top-column elementor-element elementor-element-56da8a01\" data-id=\"56da8a01\" data-element_type=\"column\">\n\t\t\t<div class=\"elementor-widget-wrap elementor-element-populated\">\n\t\t\t\t\t\t<div class=\"elementor-element elementor-element-5d2a32d1 elementor-align-justify elementor-widget elementor-widget-button\" data-id=\"5d2a32d1\" data-element_type=\"widget\" data-widget_type=\"button.default\">\n\t\t\t\t<div class=\"elementor-widget-container\">\n\t\t\t\t\t\t\t\t\t<div class=\"elementor-button-wrapper\">\n\t\t\t\t\t<a class=\"elementor-button elementor-button-link elementor-size-sm\" href=\"https:\/\/torneriaortiz.com\/es\/politica-de-privacidad\/\">\n\t\t\t\t\t\t<span class=\"elementor-button-content-wrapper\">\n\t\t\t\t\t\t\t\t\t<span class=\"elementor-button-text\">POL\u00cdTICA DE PRIVACIDAD<\/span>\n\t\t\t\t\t<\/span>\n\t\t\t\t\t<\/a>\n\t\t\t\t<\/div>\n\t\t\t\t\t\t\t\t<\/div>\n\t\t\t\t<\/div>\n\t\t\t\t\t<\/div>\n\t\t<\/div>\n\t\t\t\t<div class=\"elementor-column elementor-col-33 elementor-top-column elementor-element elementor-element-56ecea1a\" data-id=\"56ecea1a\" data-element_type=\"column\">\n\t\t\t<div class=\"elementor-widget-wrap elementor-element-populated\">\n\t\t\t\t\t\t<div class=\"elementor-element elementor-element-25ca279c elementor-align-justify elementor-widget elementor-widget-button\" data-id=\"25ca279c\" data-element_type=\"widget\" data-widget_type=\"button.default\">\n\t\t\t\t<div class=\"elementor-widget-container\">\n\t\t\t\t\t\t\t\t\t<div class=\"elementor-button-wrapper\">\n\t\t\t\t\t<a class=\"elementor-button elementor-button-link elementor-size-sm\" href=\"https:\/\/torneriaortiz.com\/es\/politica-de-cookies\/\">\n\t\t\t\t\t\t<span class=\"elementor-button-content-wrapper\">\n\t\t\t\t\t\t\t\t\t<span class=\"elementor-button-text\">POL\u00cdTICA DE COOKIES<\/span>\n\t\t\t\t\t<\/span>\n\t\t\t\t\t<\/a>\n\t\t\t\t<\/div>\n\t\t\t\t\t\t\t\t<\/div>\n\t\t\t\t<\/div>\n\t\t\t\t\t<\/div>\n\t\t<\/div>\n\t\t\t\t\t<\/div>\n\t\t<\/section>\n\t\t\t\t<section class=\"elementor-section elementor-top-section elementor-element elementor-element-6fd5bf95 elementor-hidden-mobile elementor-section-boxed elementor-section-height-default elementor-section-height-default\" data-id=\"6fd5bf95\" data-element_type=\"section\">\n\t\t\t\t\t\t<div class=\"elementor-container elementor-column-gap-default\">\n\t\t\t\t\t<div class=\"elementor-column elementor-col-100 elementor-top-column elementor-element elementor-element-4a38cb45\" data-id=\"4a38cb45\" data-element_type=\"column\">\n\t\t\t<div class=\"elementor-widget-wrap elementor-element-populated\">\n\t\t\t\t\t\t<div class=\"elementor-element elementor-element-3e2cde57 elementor-widget elementor-widget-spacer\" data-id=\"3e2cde57\" data-element_type=\"widget\" data-widget_type=\"spacer.default\">\n\t\t\t\t<div class=\"elementor-widget-container\">\n\t\t\t\t\t\t\t<div class=\"elementor-spacer\">\n\t\t\t<div class=\"elementor-spacer-inner\"><\/div>\n\t\t<\/div>\n\t\t\t\t\t\t<\/div>\n\t\t\t\t<\/div>\n\t\t\t\t\t<\/div>\n\t\t<\/div>\n\t\t\t\t\t<\/div>\n\t\t<\/section>\n\t\t\t\t<\/div>\n\t\t","protected":false},"excerpt":{"rendered":"<p>Aviso Legal Informaci\u00f3n de Conformidad con el art\u00edculo 10 de la LSSI La titular de esta web es: Identidad: TORNERIA ORTIZ SL NIF: B17981556 Direcci\u00f3n: C\/ Isaac Alb\u00e9niz, 28 17800 Olot Tel.: 972265975 Email: info@torneriaortiz.com Inscrita en el Registro Mercantil de GIRONA T 2650, F 37, S 8, Hoja GI 45966, I\/A 1 Condiciones de [&hellip;]<\/p>\n","protected":false},"author":1,"featured_media":0,"parent":0,"menu_order":0,"comment_status":"closed","ping_status":"closed","template":"elementor_header_footer","meta":{"footnotes":""},"class_list":["post-745","page","type-page","status-publish","hentry"],"yoast_head":"<!-- This site is optimized with the Yoast SEO plugin v26.5 - https:\/\/yoast.com\/wordpress\/plugins\/seo\/ -->\n<title>Aviso Legal - Torneria Ortiz<\/title>\n<meta name=\"robots\" content=\"index, follow, max-snippet:-1, max-image-preview:large, max-video-preview:-1\" \/>\n<link rel=\"canonical\" href=\"https:\/\/torneriaortiz.com\/es\/aviso-legal\/\" \/>\n<meta property=\"og:locale\" content=\"es_ES\" \/>\n<meta property=\"og:type\" content=\"article\" \/>\n<meta property=\"og:title\" content=\"Aviso Legal - Torneria Ortiz\" \/>\n<meta property=\"og:description\" content=\"Aviso Legal Informaci\u00f3n de Conformidad con el art\u00edculo 10 de la LSSI La titular de esta web es: Identidad: TORNERIA ORTIZ SL NIF: B17981556 Direcci\u00f3n: C\/ Isaac Alb\u00e9niz, 28 17800 Olot Tel.: 972265975 Email: info@torneriaortiz.com Inscrita en el Registro Mercantil de GIRONA T 2650, F 37, S 8, Hoja GI 45966, I\/A 1 Condiciones de [&hellip;]\" \/>\n<meta property=\"og:url\" content=\"https:\/\/torneriaortiz.com\/es\/aviso-legal\/\" \/>\n<meta property=\"og:site_name\" content=\"Torneria Ortiz\" \/>\n<meta property=\"article:modified_time\" content=\"2025-11-25T07:42:37+00:00\" \/>\n<meta name=\"twitter:card\" content=\"summary_large_image\" \/>\n<meta name=\"twitter:label1\" content=\"Tiempo de lectura\" \/>\n\t<meta name=\"twitter:data1\" content=\"2 minutos\" \/>\n<script type=\"application\/ld+json\" class=\"yoast-schema-graph\">{\"@context\":\"https:\/\/schema.org\",\"@graph\":[{\"@type\":\"WebPage\",\"@id\":\"https:\/\/torneriaortiz.com\/es\/aviso-legal\/\",\"url\":\"https:\/\/torneriaortiz.com\/es\/aviso-legal\/\",\"name\":\"Aviso Legal - Torneria Ortiz\",\"isPartOf\":{\"@id\":\"https:\/\/torneriaortiz.com\/es\/#website\"},\"datePublished\":\"2023-06-27T06:37:22+00:00\",\"dateModified\":\"2025-11-25T07:42:37+00:00\",\"breadcrumb\":{\"@id\":\"https:\/\/torneriaortiz.com\/es\/aviso-legal\/#breadcrumb\"},\"inLanguage\":\"es\",\"potentialAction\":[{\"@type\":\"ReadAction\",\"target\":[\"https:\/\/torneriaortiz.com\/es\/aviso-legal\/\"]}]},{\"@type\":\"BreadcrumbList\",\"@id\":\"https:\/\/torneriaortiz.com\/es\/aviso-legal\/#breadcrumb\",\"itemListElement\":[{\"@type\":\"ListItem\",\"position\":1,\"name\":\"Inici\",\"item\":\"https:\/\/torneriaortiz.com\/es\/\"},{\"@type\":\"ListItem\",\"position\":2,\"name\":\"Aviso Legal\"}]},{\"@type\":\"WebSite\",\"@id\":\"https:\/\/torneriaortiz.com\/es\/#website\",\"url\":\"https:\/\/torneriaortiz.com\/es\/\",\"name\":\"Torneria Ortiz\",\"description\":\"Mecanitzats\",\"potentialAction\":[{\"@type\":\"SearchAction\",\"target\":{\"@type\":\"EntryPoint\",\"urlTemplate\":\"https:\/\/torneriaortiz.com\/es\/?s={search_term_string}\"},\"query-input\":{\"@type\":\"PropertyValueSpecification\",\"valueRequired\":true,\"valueName\":\"search_term_string\"}}],\"inLanguage\":\"es\"}]}<\/script>\n<!-- \/ Yoast SEO plugin. -->","yoast_head_json":{"title":"Aviso Legal - Torneria Ortiz","robots":{"index":"index","follow":"follow","max-snippet":"max-snippet:-1","max-image-preview":"max-image-preview:large","max-video-preview":"max-video-preview:-1"},"canonical":"https:\/\/torneriaortiz.com\/es\/aviso-legal\/","og_locale":"es_ES","og_type":"article","og_title":"Aviso Legal - Torneria Ortiz","og_description":"Aviso Legal Informaci\u00f3n de Conformidad con el art\u00edculo 10 de la LSSI La titular de esta web es: Identidad: TORNERIA ORTIZ SL NIF: B17981556 Direcci\u00f3n: C\/ Isaac Alb\u00e9niz, 28 17800 Olot Tel.: 972265975 Email: info@torneriaortiz.com Inscrita en el Registro Mercantil de GIRONA T 2650, F 37, S 8, Hoja GI 45966, I\/A 1 Condiciones de [&hellip;]","og_url":"https:\/\/torneriaortiz.com\/es\/aviso-legal\/","og_site_name":"Torneria Ortiz","article_modified_time":"2025-11-25T07:42:37+00:00","twitter_card":"summary_large_image","twitter_misc":{"Tiempo de lectura":"2 minutos"},"schema":{"@context":"https:\/\/schema.org","@graph":[{"@type":"WebPage","@id":"https:\/\/torneriaortiz.com\/es\/aviso-legal\/","url":"https:\/\/torneriaortiz.com\/es\/aviso-legal\/","name":"Aviso Legal - Torneria Ortiz","isPartOf":{"@id":"https:\/\/torneriaortiz.com\/es\/#website"},"datePublished":"2023-06-27T06:37:22+00:00","dateModified":"2025-11-25T07:42:37+00:00","breadcrumb":{"@id":"https:\/\/torneriaortiz.com\/es\/aviso-legal\/#breadcrumb"},"inLanguage":"es","potentialAction":[{"@type":"ReadAction","target":["https:\/\/torneriaortiz.com\/es\/aviso-legal\/"]}]},{"@type":"BreadcrumbList","@id":"https:\/\/torneriaortiz.com\/es\/aviso-legal\/#breadcrumb","itemListElement":[{"@type":"ListItem","position":1,"name":"Inici","item":"https:\/\/torneriaortiz.com\/es\/"},{"@type":"ListItem","position":2,"name":"Aviso Legal"}]},{"@type":"WebSite","@id":"https:\/\/torneriaortiz.com\/es\/#website","url":"https:\/\/torneriaortiz.com\/es\/","name":"Torneria Ortiz","description":"Mecanitzats","potentialAction":[{"@type":"SearchAction","target":{"@type":"EntryPoint","urlTemplate":"https:\/\/torneriaortiz.com\/es\/?s={search_term_string}"},"query-input":{"@type":"PropertyValueSpecification","valueRequired":true,"valueName":"search_term_string"}}],"inLanguage":"es"}]}},"_links":{"self":[{"href":"https:\/\/torneriaortiz.com\/es\/wp-json\/wp\/v2\/pages\/745","targetHints":{"allow":["GET"]}}],"collection":[{"href":"https:\/\/torneriaortiz.com\/es\/wp-json\/wp\/v2\/pages"}],"about":[{"href":"https:\/\/torneriaortiz.com\/es\/wp-json\/wp\/v2\/types\/page"}],"author":[{"embeddable":true,"href":"https:\/\/torneriaortiz.com\/es\/wp-json\/wp\/v2\/users\/1"}],"replies":[{"embeddable":true,"href":"https:\/\/torneriaortiz.com\/es\/wp-json\/wp\/v2\/comments?post=745"}],"version-history":[{"count":4,"href":"https:\/\/torneriaortiz.com\/es\/wp-json\/wp\/v2\/pages\/745\/revisions"}],"predecessor-version":[{"id":1090,"href":"https:\/\/torneriaortiz.com\/es\/wp-json\/wp\/v2\/pages\/745\/revisions\/1090"}],"wp:attachment":[{"href":"https:\/\/torneriaortiz.com\/es\/wp-json\/wp\/v2\/media?parent=745"}],"curies":[{"name":"wp","href":"https:\/\/api.w.org\/{rel}","templated":true}]}}