{"id":803,"date":"2023-06-27T08:47:41","date_gmt":"2023-06-27T06:47:41","guid":{"rendered":"https:\/\/torneriaortiz.com\/politica-de-cookies\/"},"modified":"2025-11-25T08:42:37","modified_gmt":"2025-11-25T07:42:37","slug":"politica-de-cookies","status":"publish","type":"page","link":"https:\/\/torneriaortiz.com\/es\/politica-de-cookies\/","title":{"rendered":"Pol\u00edtica de Cookies"},"content":{"rendered":"\t\t<div data-elementor-type=\"wp-page\" data-elementor-id=\"803\" class=\"elementor elementor-803 elementor-436\" data-elementor-post-type=\"page\">\n\t\t\t\t\t\t<section class=\"elementor-section elementor-top-section elementor-element elementor-element-7a48e6b6 elementor-section-boxed elementor-section-height-default elementor-section-height-default\" data-id=\"7a48e6b6\" data-element_type=\"section\">\n\t\t\t\t\t\t<div class=\"elementor-container elementor-column-gap-default\">\n\t\t\t\t\t<div class=\"elementor-column elementor-col-100 elementor-top-column elementor-element elementor-element-826141c\" data-id=\"826141c\" data-element_type=\"column\">\n\t\t\t<div class=\"elementor-widget-wrap elementor-element-populated\">\n\t\t\t\t\t\t<div class=\"elementor-element elementor-element-19ea4f00 elementor-widget elementor-widget-spacer\" data-id=\"19ea4f00\" data-element_type=\"widget\" data-widget_type=\"spacer.default\">\n\t\t\t\t<div class=\"elementor-widget-container\">\n\t\t\t\t\t\t\t<div class=\"elementor-spacer\">\n\t\t\t<div class=\"elementor-spacer-inner\"><\/div>\n\t\t<\/div>\n\t\t\t\t\t\t<\/div>\n\t\t\t\t<\/div>\n\t\t\t\t<div class=\"elementor-element elementor-element-3ad4b4f7 elementor-widget elementor-widget-heading\" data-id=\"3ad4b4f7\" data-element_type=\"widget\" data-widget_type=\"heading.default\">\n\t\t\t\t<div class=\"elementor-widget-container\">\n\t\t\t\t\t<h2 class=\"elementor-heading-title elementor-size-default\">Pol\u00edtica de Cookies<\/h2>\t\t\t\t<\/div>\n\t\t\t\t<\/div>\n\t\t\t\t<div class=\"elementor-element elementor-element-502eaebd elementor-widget elementor-widget-text-editor\" data-id=\"502eaebd\" data-element_type=\"widget\" data-widget_type=\"text-editor.default\">\n\t\t\t\t<div class=\"elementor-widget-container\">\n\t\t\t\t\t\t\t\t\t<p class=\"p2\">Los<span class=\"Apple-converted-space\">  <\/span>nuestro sitio web utiliza una tecnolog\u00eda llamada \u00abcookie\u00bb, con el fin de poder obtener informaci\u00f3n sobre el uso del sitio web, mejorar la experiencia del usuario y garantizar su correcto funcionamiento.<\/p><p class=\"p2\"><b>Definici\u00f3n de Cookie<\/b><\/p><p class=\"p4\">Una \u201ccookie\u201d es un peque\u00f1o fragmento de texto que los sitios web env\u00edan al navegador y que se almacenan en el terminal del usuario, (ordenador o dispositivo m\u00f3vil). Estos archivos tienen la finalidad de almacenar datos que podr\u00e1n ser actualizados y recuperados por la entidad responsable de su instalaci\u00f3n. As\u00ed, cada vez que el usuario vuelve a visitar el mismo sitio web, el explorador recupera el archivo y lo env\u00eda al servidor del sitio web. Las cookies tienen diversas funciones entre las que se incluyen, la de recoger informaci\u00f3n sobre las preferencias del usuario y recordarla, y en general, facilitar el uso del sitio web al usuario haciendo que el sitio sea m\u00e1s \u00fatil al personalizar su contenido.   <\/p><p class=\"p5\">Las<span class=\"Apple-converted-space\">  <\/span>cookies se pueden clasificar en base a distintos par\u00e1metros:<\/p><p class=\"p5\"><b>1.- Titularidad:<\/b> <span class=\"s1\">cookies propias y cookies de terceros:<\/span> dependiendo de cu\u00e1l sea la entidad que gestione el dominio desde donde se env\u00edan las cookies y se traten los datos que se obtengan.<\/p><p class=\"p5\"><b>2.- Duraci\u00f3n:<\/b> <span class=\"s1\">cookies de sesi\u00f3n y cookies persistentes:<\/span> de acuerdo con el plazo de tiempo que permanecen almacenadas en el terminal del usuario.<\/p><p class=\"p6\"><b>3.- Finalidad:<\/b> <span class=\"s1\">cookies<span class=\"Apple-converted-space\">  <\/span>t\u00e9cnicas, cookies de preferencias o personalizaci\u00f3n, cookies de an\u00e1lisis o medida y cookies de publicidad comportamental<\/span> , de acuerdo con la finalidad para la que se traten los datos obtenidos.<\/p><ul class=\"ul1\"><li class=\"li7\"><span class=\"s1\">Cookies t\u00e9cnicas:<\/span> Son aqu\u00e9llas que permiten al usuario la navegaci\u00f3n a trav\u00e9s de la p\u00e1gina web o aplicaci\u00f3n y la utilizaci\u00f3n de las diferentes opciones o servicios que en ella existen. Por ejemplo, controlar el tr\u00e1fico y la comunicaci\u00f3n de datos , identificar la sesi\u00f3n <span class=\"Apple-converted-space\">  <\/span>o acceder a las partes web de acceso restringido.<\/li><li class=\"li7\"><span class=\"s1\">Cookies de preferencias o personalizaci\u00f3n:<\/span> Son aquellas que permiten recordar informaci\u00f3n para que el usuario acceda al servicio con determinadas caracter\u00edsticas que pueden diferenciar su experiencia de la de otros usuarios, como, por ejemplo, el idioma, el n\u00famero de resultados a mostrar cuando el usuario realiza una b\u00fasqueda, el aspecto o contenido del servicio en funci\u00f3n del tipo de navegador a trav\u00e9s del cual el usuario accede al servicio o de la misma.<\/li><li class=\"li7\"><span class=\"s1\">Cookies de an\u00e1lisis o medida:<\/span> Son aquellas que permiten a su responsable el seguimiento y an\u00e1lisis del comportamiento de los usuarios de los sitios web a los que est\u00e1n vinculadas, incluida la cuantificaci\u00f3n de los impactos de los anuncios. La informaci\u00f3n recogida mediante este tipo de cookies se utiliza en la medici\u00f3n de la actividad de los sitios web, aplicaci\u00f3n o plataforma, para introducir mejoras en funci\u00f3n del an\u00e1lisis de los datos de uso que realizan los usuarios del servicio. <\/li><li class=\"li7\"><span class=\"s1\">Cookies de publicidad comportamental<\/span> :<b> <\/b>Son aquellas que almacenan informaci\u00f3n del comportamiento de los usuarios obtenida a trav\u00e9s de la continua observaci\u00f3n de sus h\u00e1bitos de navegaci\u00f3n, lo que permite desarrollar un perfil espec\u00edfico para mostrar publicidad en funci\u00f3n de dicho perfil.<\/li><\/ul><p class=\"p8\"><b>Cookies utilizadas en nuestro sitio web<\/b><\/p><p class=\"p10\">Nuestro sitio web utiliza tanto cookies propias, que son las enviadas a su ordenador y gestionadas exclusivamente por nosotros para el mejor funcionamiento del sitio web, como cookies de terceros, con la funci\u00f3n de servir para la interacci\u00f3n de los usuarios con nosotros.<\/p><p class=\"p6\">Nuestro sitio web utiliza tanto cookies temporales de sesi\u00f3n como cookies persistentes. Las cookies de sesi\u00f3n almacenan datos \u00fanicamente mientras el usuario accede a la web y las cookies persistentes almacenan los datos en el terminal para que sean accedidas y utilizadas en m\u00e1s de una sesi\u00f3n. <\/p><p class=\"p7\">Concretamente las cookies utilizadas en nuestro sitio web que no son t\u00e9cnicas o de personalizaci\u00f3n, y que por tanto necesitan consentimiento del usuario son:<\/p><table class=\"t1\" cellspacing=\"0\" cellpadding=\"0\"><tbody><tr><td class=\"td1\" valign=\"top\"><p class=\"p12\"><b>Nombre<\/b><b><\/b><\/p><\/td><td class=\"td2\" valign=\"middle\"><p class=\"p12\"><b>Titular<\/b><b><\/b><\/p><\/td><td class=\"td3\" valign=\"top\"><p class=\"p12\"><b>Finalidad<\/b><b><\/b><\/p><\/td><td class=\"td4\" valign=\"top\"><p class=\"p12\"><b>Duraci\u00f3n<\/b><b><\/b><\/p><\/td><\/tr><tr><td class=\"td5\" valign=\"middle\"><p class=\"p13\">_ga<\/p><p class=\"p13\">_ga_HZ85NZXL3D<\/p><\/td><td class=\"td6\" valign=\"middle\"><p class=\"p13\">.torneriaortiz.com<\/p><\/td><td class=\"td7\" valign=\"middle\"><p class=\"p14\">Anal\u00edtica:<\/p><p class=\"p14\">Instalada por Google Analytics, calcula los datos de visitantes, sesiones y campa\u00f1as y tambi\u00e9n realiza un seguimiento del uso del sitio para el informe anal\u00edtico del sitio. La cookie almacena informaci\u00f3n de forma an\u00f3nima y asigna un n\u00famero generado aleatoriamente para reconocer a visitantes \u00fanicos. <\/p><\/td><td class=\"td8\" valign=\"middle\"><p class=\"p15\">1 a\u00f1o y 35 d\u00edas<\/p><\/td><\/tr><\/tbody><\/table><p class=\"p16\">Para obtener m\u00e1s informaci\u00f3n sobre las cookies de terceros puede clicar en <a href=\"https:\/\/developers.google.com\/analytics\/devguides\/collection\/analyticsjs\/cookie-usage?hl=es\"><span class=\"s2\">Google Analytics;<\/span><\/a><\/p><p class=\"p7\"><b>Consentimiento<\/b><\/p><p class=\"p7\">El consentimiento para<span class=\"Apple-converted-space\">  <\/span>el uso de cookies antes enunciadas, por los plazos se\u00f1alados y en las condiciones contenidas en la presente Pol\u00edtica de Cookies, se obtendr\u00e1 con la aceptaci\u00f3n del aviso inicial de informaci\u00f3n sobre las cookies que se visualiza en el momento en que carga nuestra web.  <\/p><p class=\"p18\">El uso de cookies anal\u00edticas de Google implica una transmisi\u00f3n de datos a Estados Unidos de Am\u00e9rica. La Uni\u00f3n Europea y Estados Unidos tienen un acuerdo Marco de Privacidad aprobado por la Decisi\u00f3n de Ejecuci\u00f3n de la Comisi\u00f3n de 10.7.2023 de acuerdo con el Reglamento (UE) 2016\/679 del Parlamento Europeo y del Consejo. Puede encontrar m\u00e1s informaci\u00f3n en la pol\u00edtica de privacidad de <a href=\"https:\/\/policies.google.com\/privacy?hl=es\"><span class=\"s2\">Google<\/span><\/a> .  <\/p><p class=\"p19\"><b>Retirada del consentimiento<\/b><\/p><p class=\"p19\">El usuario puede retirar su consentimiento para el uso de cookies en cualquier momento. Para ello, puede utilizar el bot\u00f3n de la web que haya a tal efecto o eliminar las cookies de su navegador. <\/p><p class=\"p21\"><b>\u00bfC\u00f3mo deshabilitar las cookies en los principales navegadores?<\/b><b><\/b><\/p><p class=\"p19\">Aunque puede variar ligeramente de una versi\u00f3n de navegador a otra, la configuraci\u00f3n de la pol\u00edtica de cookies para los navegadores m\u00e1s utilizados es la siguiente:<\/p><ul class=\"ul1\"><li class=\"li22\"><span class=\"s1\"><a href=\"https:\/\/support.microsoft.com\/es-es\/help\/4468242\/microsoft-edge-browsing-data-and-privacy-microsoft-privacy\">Edge<\/a><\/span><\/li><li class=\"li22\"><span class=\"s1\"><a href=\"https:\/\/support.mozilla.org\/es\/kb\/clear-cookies-and-site-data-firefox\">FireFox<\/a><\/span><\/li><li class=\"li22\"><span class=\"s1\"><a href=\"https:\/\/support.google.com\/chrome\/answer\/95647?hl=es\">Chrome<\/a><\/span><span class=\"s3\">  <\/span><\/li><li class=\"li22\"><span class=\"s1\"><a href=\"https:\/\/support.apple.com\/es-es\/guide\/safari\/manage-cookies-and-website-data-sfri11471\/mac\">Safari (mac)  <\/a><\/span><\/li><li class=\"li22\"><span class=\"s1\"><a href=\"https:\/\/support.apple.com\/es-es\/HT201265\">Safari (iPhone\/iPad)<\/a><\/span><\/li><li class=\"li22\"><span class=\"s1\"><a href=\"https:\/\/help.opera.com\/en\/latest\/web-preferences\/#cookies\">Opera  <\/a><\/span><\/li><\/ul><p class=\"p24\">Adem\u00e1s, tambi\u00e9n puede gestionar el almac\u00e9n de cookies en su navegador a trav\u00e9s de herramientas como las siguientes:<\/p><ul class=\"ul1\"><li class=\"li22\"><span class=\"s1\"><a href=\"https:\/\/www.youronlinechoices.com\/es\/\">Your online choices<\/a><\/span><\/li><li class=\"li22\"><span class=\"s1\"><a href=\"https:\/\/www.ghostery.com\/\">Ghostery<\/a><\/span><\/li><\/ul><p class=\"p24\"><b>Actualizaci\u00f3n de la pol\u00edtica de cookies<\/b><b><\/b><\/p><p class=\"p2\">Este sitio web puede modificar esta Pol\u00edtica sobre Cookies, por eso le recomendamos revisar esta pol\u00edtica cada vez que acceda a nuestro sitio web para estar adecuadamente informado sobre el uso que hacemos de las cookies.<\/p>\t\t\t\t\t\t\t\t<\/div>\n\t\t\t\t<\/div>\n\t\t\t\t<div class=\"elementor-element elementor-element-4e24c150 elementor-widget elementor-widget-spacer\" data-id=\"4e24c150\" data-element_type=\"widget\" data-widget_type=\"spacer.default\">\n\t\t\t\t<div class=\"elementor-widget-container\">\n\t\t\t\t\t\t\t<div class=\"elementor-spacer\">\n\t\t\t<div class=\"elementor-spacer-inner\"><\/div>\n\t\t<\/div>\n\t\t\t\t\t\t<\/div>\n\t\t\t\t<\/div>\n\t\t\t\t\t<\/div>\n\t\t<\/div>\n\t\t\t\t\t<\/div>\n\t\t<\/section>\n\t\t\t\t<section class=\"elementor-section elementor-top-section elementor-element elementor-element-d3af40a elementor-section-boxed elementor-section-height-default elementor-section-height-default\" data-id=\"d3af40a\" data-element_type=\"section\">\n\t\t\t\t\t\t<div class=\"elementor-container elementor-column-gap-default\">\n\t\t\t\t\t<div class=\"elementor-column elementor-col-33 elementor-top-column elementor-element elementor-element-19a8df90\" data-id=\"19a8df90\" data-element_type=\"column\">\n\t\t\t<div class=\"elementor-widget-wrap elementor-element-populated\">\n\t\t\t\t\t\t<div class=\"elementor-element elementor-element-38db1c6 elementor-align-justify elementor-widget elementor-widget-button\" data-id=\"38db1c6\" data-element_type=\"widget\" data-widget_type=\"button.default\">\n\t\t\t\t<div class=\"elementor-widget-container\">\n\t\t\t\t\t\t\t\t\t<div class=\"elementor-button-wrapper\">\n\t\t\t\t\t<a class=\"elementor-button elementor-button-link elementor-size-sm\" href=\"https:\/\/torneriaortiz.com\/es\/\">\n\t\t\t\t\t\t<span class=\"elementor-button-content-wrapper\">\n\t\t\t\t\t\t\t\t\t<span class=\"elementor-button-text\">VOLVER A INICIO<\/span>\n\t\t\t\t\t<\/span>\n\t\t\t\t\t<\/a>\n\t\t\t\t<\/div>\n\t\t\t\t\t\t\t\t<\/div>\n\t\t\t\t<\/div>\n\t\t\t\t\t<\/div>\n\t\t<\/div>\n\t\t\t\t<div class=\"elementor-column elementor-col-33 elementor-top-column elementor-element elementor-element-2e200e85\" data-id=\"2e200e85\" data-element_type=\"column\">\n\t\t\t<div class=\"elementor-widget-wrap elementor-element-populated\">\n\t\t\t\t\t\t<div class=\"elementor-element elementor-element-7c970d33 elementor-align-justify elementor-widget elementor-widget-button\" data-id=\"7c970d33\" data-element_type=\"widget\" data-widget_type=\"button.default\">\n\t\t\t\t<div class=\"elementor-widget-container\">\n\t\t\t\t\t\t\t\t\t<div class=\"elementor-button-wrapper\">\n\t\t\t\t\t<a class=\"elementor-button elementor-button-link elementor-size-sm\" href=\"https:\/\/torneriaortiz.com\/es\/politica-de-privacidad\/\">\n\t\t\t\t\t\t<span class=\"elementor-button-content-wrapper\">\n\t\t\t\t\t\t\t\t\t<span class=\"elementor-button-text\">POL\u00cdTICA DE PRIVACIDAD<\/span>\n\t\t\t\t\t<\/span>\n\t\t\t\t\t<\/a>\n\t\t\t\t<\/div>\n\t\t\t\t\t\t\t\t<\/div>\n\t\t\t\t<\/div>\n\t\t\t\t\t<\/div>\n\t\t<\/div>\n\t\t\t\t<div class=\"elementor-column elementor-col-33 elementor-top-column elementor-element elementor-element-7f11ee09\" data-id=\"7f11ee09\" data-element_type=\"column\">\n\t\t\t<div class=\"elementor-widget-wrap elementor-element-populated\">\n\t\t\t\t\t\t<div class=\"elementor-element elementor-element-25319084 elementor-align-justify elementor-widget elementor-widget-button\" data-id=\"25319084\" data-element_type=\"widget\" data-widget_type=\"button.default\">\n\t\t\t\t<div class=\"elementor-widget-container\">\n\t\t\t\t\t\t\t\t\t<div class=\"elementor-button-wrapper\">\n\t\t\t\t\t<a class=\"elementor-button elementor-button-link elementor-size-sm\" href=\"https:\/\/torneriaortiz.com\/es\/aviso-legal\/\">\n\t\t\t\t\t\t<span class=\"elementor-button-content-wrapper\">\n\t\t\t\t\t\t\t\t\t<span class=\"elementor-button-text\">AVISO LEGAL<\/span>\n\t\t\t\t\t<\/span>\n\t\t\t\t\t<\/a>\n\t\t\t\t<\/div>\n\t\t\t\t\t\t\t\t<\/div>\n\t\t\t\t<\/div>\n\t\t\t\t\t<\/div>\n\t\t<\/div>\n\t\t\t\t\t<\/div>\n\t\t<\/section>\n\t\t\t\t<section class=\"elementor-section elementor-top-section elementor-element elementor-element-646792e9 elementor-hidden-mobile elementor-section-boxed elementor-section-height-default elementor-section-height-default\" data-id=\"646792e9\" data-element_type=\"section\">\n\t\t\t\t\t\t<div class=\"elementor-container elementor-column-gap-default\">\n\t\t\t\t\t<div class=\"elementor-column elementor-col-100 elementor-top-column elementor-element elementor-element-31510f7a\" data-id=\"31510f7a\" data-element_type=\"column\">\n\t\t\t<div class=\"elementor-widget-wrap elementor-element-populated\">\n\t\t\t\t\t\t<div class=\"elementor-element elementor-element-1af3b5f5 elementor-widget elementor-widget-spacer\" data-id=\"1af3b5f5\" data-element_type=\"widget\" data-widget_type=\"spacer.default\">\n\t\t\t\t<div class=\"elementor-widget-container\">\n\t\t\t\t\t\t\t<div class=\"elementor-spacer\">\n\t\t\t<div class=\"elementor-spacer-inner\"><\/div>\n\t\t<\/div>\n\t\t\t\t\t\t<\/div>\n\t\t\t\t<\/div>\n\t\t\t\t\t<\/div>\n\t\t<\/div>\n\t\t\t\t\t<\/div>\n\t\t<\/section>\n\t\t\t\t<\/div>\n\t\t","protected":false},"excerpt":{"rendered":"<p>Pol\u00edtica de Cookies Los nuestro sitio web utiliza una tecnolog\u00eda llamada \u00abcookie\u00bb, con el fin de poder obtener informaci\u00f3n sobre el uso del sitio web, mejorar la experiencia del usuario y garantizar su correcto funcionamiento. Definici\u00f3n de Cookie Una \u201ccookie\u201d es un peque\u00f1o fragmento de texto que los sitios web env\u00edan al navegador y que [&hellip;]<\/p>\n","protected":false},"author":1,"featured_media":0,"parent":0,"menu_order":0,"comment_status":"closed","ping_status":"closed","template":"elementor_header_footer","meta":{"footnotes":""},"class_list":["post-803","page","type-page","status-publish","hentry"],"yoast_head":"<!-- This site is optimized with the Yoast SEO plugin v26.5 - https:\/\/yoast.com\/wordpress\/plugins\/seo\/ -->\n<title>Pol\u00edtica de Cookies - Torneria Ortiz<\/title>\n<meta name=\"robots\" content=\"index, follow, max-snippet:-1, max-image-preview:large, max-video-preview:-1\" \/>\n<link rel=\"canonical\" href=\"https:\/\/torneriaortiz.com\/es\/politica-de-cookies\/\" \/>\n<meta property=\"og:locale\" content=\"es_ES\" \/>\n<meta property=\"og:type\" content=\"article\" \/>\n<meta property=\"og:title\" content=\"Pol\u00edtica de Cookies - Torneria Ortiz\" \/>\n<meta property=\"og:description\" content=\"Pol\u00edtica de Cookies Los nuestro sitio web utiliza una tecnolog\u00eda llamada \u00abcookie\u00bb, con el fin de poder obtener informaci\u00f3n sobre el uso del sitio web, mejorar la experiencia del usuario y garantizar su correcto funcionamiento. Definici\u00f3n de Cookie Una \u201ccookie\u201d es un peque\u00f1o fragmento de texto que los sitios web env\u00edan al navegador y que [&hellip;]\" \/>\n<meta property=\"og:url\" content=\"https:\/\/torneriaortiz.com\/es\/politica-de-cookies\/\" \/>\n<meta property=\"og:site_name\" content=\"Torneria Ortiz\" \/>\n<meta property=\"article:modified_time\" content=\"2025-11-25T07:42:37+00:00\" \/>\n<meta name=\"twitter:card\" content=\"summary_large_image\" \/>\n<meta name=\"twitter:label1\" content=\"Tiempo de lectura\" \/>\n\t<meta name=\"twitter:data1\" content=\"5 minutos\" \/>\n<script type=\"application\/ld+json\" class=\"yoast-schema-graph\">{\"@context\":\"https:\/\/schema.org\",\"@graph\":[{\"@type\":\"WebPage\",\"@id\":\"https:\/\/torneriaortiz.com\/es\/politica-de-cookies\/\",\"url\":\"https:\/\/torneriaortiz.com\/es\/politica-de-cookies\/\",\"name\":\"Pol\u00edtica de Cookies - Torneria Ortiz\",\"isPartOf\":{\"@id\":\"https:\/\/torneriaortiz.com\/es\/#website\"},\"datePublished\":\"2023-06-27T06:47:41+00:00\",\"dateModified\":\"2025-11-25T07:42:37+00:00\",\"breadcrumb\":{\"@id\":\"https:\/\/torneriaortiz.com\/es\/politica-de-cookies\/#breadcrumb\"},\"inLanguage\":\"es\",\"potentialAction\":[{\"@type\":\"ReadAction\",\"target\":[\"https:\/\/torneriaortiz.com\/es\/politica-de-cookies\/\"]}]},{\"@type\":\"BreadcrumbList\",\"@id\":\"https:\/\/torneriaortiz.com\/es\/politica-de-cookies\/#breadcrumb\",\"itemListElement\":[{\"@type\":\"ListItem\",\"position\":1,\"name\":\"Inici\",\"item\":\"https:\/\/torneriaortiz.com\/es\/\"},{\"@type\":\"ListItem\",\"position\":2,\"name\":\"Pol\u00edtica de Cookies\"}]},{\"@type\":\"WebSite\",\"@id\":\"https:\/\/torneriaortiz.com\/es\/#website\",\"url\":\"https:\/\/torneriaortiz.com\/es\/\",\"name\":\"Torneria Ortiz\",\"description\":\"Mecanitzats\",\"potentialAction\":[{\"@type\":\"SearchAction\",\"target\":{\"@type\":\"EntryPoint\",\"urlTemplate\":\"https:\/\/torneriaortiz.com\/es\/?s={search_term_string}\"},\"query-input\":{\"@type\":\"PropertyValueSpecification\",\"valueRequired\":true,\"valueName\":\"search_term_string\"}}],\"inLanguage\":\"es\"}]}<\/script>\n<!-- \/ Yoast SEO plugin. -->","yoast_head_json":{"title":"Pol\u00edtica de Cookies - Torneria Ortiz","robots":{"index":"index","follow":"follow","max-snippet":"max-snippet:-1","max-image-preview":"max-image-preview:large","max-video-preview":"max-video-preview:-1"},"canonical":"https:\/\/torneriaortiz.com\/es\/politica-de-cookies\/","og_locale":"es_ES","og_type":"article","og_title":"Pol\u00edtica de Cookies - Torneria Ortiz","og_description":"Pol\u00edtica de Cookies Los nuestro sitio web utiliza una tecnolog\u00eda llamada \u00abcookie\u00bb, con el fin de poder obtener informaci\u00f3n sobre el uso del sitio web, mejorar la experiencia del usuario y garantizar su correcto funcionamiento. Definici\u00f3n de Cookie Una \u201ccookie\u201d es un peque\u00f1o fragmento de texto que los sitios web env\u00edan al navegador y que [&hellip;]","og_url":"https:\/\/torneriaortiz.com\/es\/politica-de-cookies\/","og_site_name":"Torneria Ortiz","article_modified_time":"2025-11-25T07:42:37+00:00","twitter_card":"summary_large_image","twitter_misc":{"Tiempo de lectura":"5 minutos"},"schema":{"@context":"https:\/\/schema.org","@graph":[{"@type":"WebPage","@id":"https:\/\/torneriaortiz.com\/es\/politica-de-cookies\/","url":"https:\/\/torneriaortiz.com\/es\/politica-de-cookies\/","name":"Pol\u00edtica de Cookies - Torneria Ortiz","isPartOf":{"@id":"https:\/\/torneriaortiz.com\/es\/#website"},"datePublished":"2023-06-27T06:47:41+00:00","dateModified":"2025-11-25T07:42:37+00:00","breadcrumb":{"@id":"https:\/\/torneriaortiz.com\/es\/politica-de-cookies\/#breadcrumb"},"inLanguage":"es","potentialAction":[{"@type":"ReadAction","target":["https:\/\/torneriaortiz.com\/es\/politica-de-cookies\/"]}]},{"@type":"BreadcrumbList","@id":"https:\/\/torneriaortiz.com\/es\/politica-de-cookies\/#breadcrumb","itemListElement":[{"@type":"ListItem","position":1,"name":"Inici","item":"https:\/\/torneriaortiz.com\/es\/"},{"@type":"ListItem","position":2,"name":"Pol\u00edtica de Cookies"}]},{"@type":"WebSite","@id":"https:\/\/torneriaortiz.com\/es\/#website","url":"https:\/\/torneriaortiz.com\/es\/","name":"Torneria Ortiz","description":"Mecanitzats","potentialAction":[{"@type":"SearchAction","target":{"@type":"EntryPoint","urlTemplate":"https:\/\/torneriaortiz.com\/es\/?s={search_term_string}"},"query-input":{"@type":"PropertyValueSpecification","valueRequired":true,"valueName":"search_term_string"}}],"inLanguage":"es"}]}},"_links":{"self":[{"href":"https:\/\/torneriaortiz.com\/es\/wp-json\/wp\/v2\/pages\/803","targetHints":{"allow":["GET"]}}],"collection":[{"href":"https:\/\/torneriaortiz.com\/es\/wp-json\/wp\/v2\/pages"}],"about":[{"href":"https:\/\/torneriaortiz.com\/es\/wp-json\/wp\/v2\/types\/page"}],"author":[{"embeddable":true,"href":"https:\/\/torneriaortiz.com\/es\/wp-json\/wp\/v2\/users\/1"}],"replies":[{"embeddable":true,"href":"https:\/\/torneriaortiz.com\/es\/wp-json\/wp\/v2\/comments?post=803"}],"version-history":[{"count":5,"href":"https:\/\/torneriaortiz.com\/es\/wp-json\/wp\/v2\/pages\/803\/revisions"}],"predecessor-version":[{"id":1091,"href":"https:\/\/torneriaortiz.com\/es\/wp-json\/wp\/v2\/pages\/803\/revisions\/1091"}],"wp:attachment":[{"href":"https:\/\/torneriaortiz.com\/es\/wp-json\/wp\/v2\/media?parent=803"}],"curies":[{"name":"wp","href":"https:\/\/api.w.org\/{rel}","templated":true}]}}